{"id":22,"date":"2024-02-10T14:46:16","date_gmt":"2024-02-10T14:46:16","guid":{"rendered":"https:\/\/integratedfn.com\/emailing\/?page_id=22"},"modified":"2024-02-10T14:46:16","modified_gmt":"2024-02-10T14:46:16","slug":"contact-us-fr","status":"publish","type":"page","link":"https:\/\/integratedfn.com\/emailing\/index.php\/contact-us-fr\/","title":{"rendered":"Contact us FR"},"content":{"rendered":"\n<div class=\"wp-block-contact-form-7-contact-form-selector\">\n<div class=\"wpcf7 no-js\" id=\"wpcf7-f21-o1\" lang=\"en-US\" dir=\"ltr\" data-wpcf7-id=\"21\">\n<div class=\"screen-reader-response\"><p role=\"status\" aria-live=\"polite\" aria-atomic=\"true\"><\/p> <ul><\/ul><\/div>\n<form action=\"\/emailing\/index.php\/wp-json\/wp\/v2\/pages\/22#wpcf7-f21-o1\" method=\"post\" class=\"wpcf7-form init\" aria-label=\"Contact form\" novalidate=\"novalidate\" data-status=\"init\">\n<fieldset class=\"hidden-fields-container\"><input type=\"hidden\" name=\"_wpcf7\" value=\"21\" \/><input type=\"hidden\" name=\"_wpcf7_version\" value=\"6.1\" \/><input type=\"hidden\" name=\"_wpcf7_locale\" value=\"en_US\" \/><input type=\"hidden\" name=\"_wpcf7_unit_tag\" value=\"wpcf7-f21-o1\" \/><input type=\"hidden\" name=\"_wpcf7_container_post\" value=\"0\" \/><input type=\"hidden\" name=\"_wpcf7_posted_data_hash\" value=\"\" \/>\n<\/fieldset>\n<fieldset>\n\t<div class=\"control-group span6\" style=\"margin-top: 0;\">\n\t\t<p><label class=\"control-label\" style=\"\">Nom<\/label>\n\t\t<\/p>\n\t\t<div class=\"controls\">\n\t\t\t<p><span class=\"wpcf7-form-control-wrap\" data-name=\"fullname\"><input size=\"40\" maxlength=\"400\" class=\"wpcf7-form-control wpcf7-text wpcf7-validates-as-required\" aria-required=\"true\" aria-invalid=\"false\" value=\"\" type=\"text\" name=\"fullname\" \/><\/span>\n\t\t\t<\/p>\n\t\t<\/div>\n\t<\/div>\n\t<div class=\"control-group span6\">\n\t\t<p><label class=\"control-label\" style=\"\">Courriel<\/label>\n\t\t<\/p>\n\t\t<div class=\"controls\">\n\t\t\t<p><span class=\"wpcf7-form-control-wrap\" data-name=\"from-email\"><input size=\"40\" maxlength=\"400\" class=\"wpcf7-form-control wpcf7-email wpcf7-validates-as-required wpcf7-text wpcf7-validates-as-email\" aria-required=\"true\" aria-invalid=\"false\" value=\"\" type=\"email\" name=\"from-email\" \/><\/span>\n\t\t\t<\/p>\n\t\t<\/div>\n\t<\/div>\n\t<div class=\"control-group span6\">\n\t\t<p><label class=\"control-label\" style=\"\">T\u00e9l\u00e9phone<\/label>\n\t\t<\/p>\n\t\t<div class=\"controls\">\n\t\t\t<p><input type=\"tel\" name=\"phone\" class=\"\" required=\"\" \/>\n\t\t\t<\/p>\n\t\t<\/div>\n\t<\/div>\n\t<div class=\"control-group span6\">\n\t\t<p><label class=\"control-label\" style=\"\">Sujet<\/label>\n\t\t<\/p>\n\t\t<div class=\"controls\">\n\t\t\t<p><input type=\"text\" name=\"subject\" class=\"\" required=\"\" \/>\n\t\t\t<\/p>\n\t\t<\/div>\n\t<\/div>\n\t<div class=\"control-group span6\">\n\t\t<p><label class=\"control-label\" style=\"\">Message<\/label>\n\t\t<\/p>\n\t\t<div class=\"controls\">\n\t\t\t<p><textarea name=\"message\" class=\"input-xxlarge\" required=\"\"><\/textarea>\n\t\t\t<\/p>\n\t\t<\/div>\n\t<\/div>\n\t<div class=\"clearfix\">\n\t<\/div>\n\t<div id=\"contact-form-success\" class=\"alert alert-success hide\">\n\t\t<p>Votre message a \u00e9t\u00e9 achemin\u00e9.<button type=\"button\" class=\"close\" data-hide=\"alert\">\u00d7<\/button>\n\t\t<\/p>\n\t<\/div>\n\t<div id=\"contact-form-error\" class=\"alert alert-error hide\">\n\t\t<p>Il y a eu une erreur d'envoi de votre message. S'il vous pla\u00eet r\u00e9essayer plus tard ou contactez-nous si le probl\u00e8me persiste.<button type=\"button\" class=\"close\" data-hide=\"alert\">\u00d7<\/button>\n\t\t<\/p>\n\t<\/div>\n\t<div class=\"form-actions\">\n\t\t<p><button type=\"submit\" class=\"btn btn-secondary pull-right\">Envoyer<\/button>\n\t\t<\/p>\n\t<\/div>\n<\/fieldset><div class=\"wpcf7-response-output\" aria-hidden=\"true\"><\/div>\n<\/form>\n<\/div>\n<\/div>\n","protected":false},"excerpt":{"rendered":"","protected":false},"author":1,"featured_media":0,"parent":0,"menu_order":0,"comment_status":"closed","ping_status":"closed","template":"","meta":{"footnotes":""},"class_list":["post-22","page","type-page","status-publish","hentry"],"_links":{"self":[{"href":"https:\/\/integratedfn.com\/emailing\/index.php\/wp-json\/wp\/v2\/pages\/22","targetHints":{"allow":["GET"]}}],"collection":[{"href":"https:\/\/integratedfn.com\/emailing\/index.php\/wp-json\/wp\/v2\/pages"}],"about":[{"href":"https:\/\/integratedfn.com\/emailing\/index.php\/wp-json\/wp\/v2\/types\/page"}],"author":[{"embeddable":true,"href":"https:\/\/integratedfn.com\/emailing\/index.php\/wp-json\/wp\/v2\/users\/1"}],"replies":[{"embeddable":true,"href":"https:\/\/integratedfn.com\/emailing\/index.php\/wp-json\/wp\/v2\/comments?post=22"}],"version-history":[{"count":1,"href":"https:\/\/integratedfn.com\/emailing\/index.php\/wp-json\/wp\/v2\/pages\/22\/revisions"}],"predecessor-version":[{"id":23,"href":"https:\/\/integratedfn.com\/emailing\/index.php\/wp-json\/wp\/v2\/pages\/22\/revisions\/23"}],"wp:attachment":[{"href":"https:\/\/integratedfn.com\/emailing\/index.php\/wp-json\/wp\/v2\/media?parent=22"}],"curies":[{"name":"wp","href":"https:\/\/api.w.org\/{rel}","templated":true}]}}